{"id":5079,"date":"2018-12-19T18:26:45","date_gmt":"2018-12-19T16:26:45","guid":{"rendered":"http:\/\/www.medienkultur.at\/neu\/?page_id=5079"},"modified":"2019-01-09T19:17:08","modified_gmt":"2019-01-09T18:17:08","slug":"impressum","status":"publish","type":"page","link":"https:\/\/www.medienkultur.at\/neu\/impressum\/","title":{"rendered":"Impressum"},"content":{"rendered":"<p class=\"p1\"><span class=\"s1\">Angaben gem\u00e4\u00df \u00a7 5 TMG<\/span><\/p>\n<p class=\"p1\"><span class=\"s1\">Vereinigung f\u00fcr Medienkultur<br \/>\n<\/span><span class=\"s1\">Bankgasse 8<br \/>\n<\/span><span class=\"s1\">1010 Wien<\/span><\/p>\n<p class=\"p1\"><span class=\"s1\">Vereinsregister: Registernummer 211737801<br \/>\n<\/span><span class=\"s1\">Registergericht: Registergericht Wien<\/span><\/p>\n<p class=\"p1\"><span class=\"s1\">Vertreten durch den Vorstand: Bakk. phil. Udo Bachmair<br \/>\n<\/span><span class=\"s1\">Kontakt:<br \/>\n<\/span><span class=\"s1\">E-Mail: medienkultur@medienkultur.at<\/span><\/p>\n<p class=\"p1\"><span class=\"s1\">Verantwortlich f\u00fcr den Inhalt nach \u00a7 55 Abs. 2 RStV<br \/>\n<\/span><span class=\"s1\">Bakk. phil. Udo Bachmair<br \/>\n<\/span><span class=\"s1\">Bankgasse 8<br \/>\n<\/span><span class=\"s1\">1010 Wien<\/span><\/p>\n<p class=\"p1\"><span class=\"s1\">Wir sind nicht bereit oder verpflichtet, an Streitbeilegungsverfahren vor einer Verbraucherschlichtungsstelle teilzunehmen.<\/span><\/p>\n<p class=\"p1\"><strong><span class=\"s1\">Haftung f\u00fcr Inhalte<\/span><\/strong><\/p>\n<p class=\"p1\"><span class=\"s1\">Als Diensteanbieter sind wir gem\u00e4\u00df \u00a7 7 Abs.1 TMG f\u00fcr eigene Inhalte auf diesen Seiten nach den allgemeinen Gesetzen verantwortlich. Nach \u00a7\u00a7 8 bis 10 TMG sind wir als Diensteanbieter jedoch nicht verpflichtet, \u00fcbermittelte oder gespeicherte fremde Informationen zu \u00fcberwachen oder nach Umst\u00e4nden zu forschen, die auf eine rechtswidrige T\u00e4tigkeit hinweisen. Verpflichtungen zur Entfernung oder Sperrung der Nutzung von Informationen nach den allgemeinen Gesetzen bleiben hiervon unber\u00fchrt. Eine diesbez\u00fcgliche Haftung ist jedoch erst ab dem Zeitpunkt der Kenntnis einer konkreten Rechtsverletzung m\u00f6glich. Bei Bekanntwerden von entsprechenden Rechtsverletzungen werden wir diese Inhalte umgehend entfernen.<\/span><\/p>\n<p class=\"p1\"><strong><span class=\"s1\">Haftung f\u00fcr Links<\/span><\/strong><\/p>\n<p class=\"p1\"><span class=\"s1\">Unser Angebot enth\u00e4lt Links zu externen Websites Dritter, auf deren Inhalte wir keinen Einfluss haben. Deshalb k\u00f6nnen wir f\u00fcr diese fremden Inhalte auch keine Gew\u00e4hr \u00fcbernehmen. F\u00fcr die Inhalte der verlinkten Seiten ist stets der jeweilige Anbieter oder Betreiber der Seiten verantwortlich. Die verlinkten Seiten wurden zum Zeitpunkt der Verlinkung auf m\u00f6gliche Rechtsverst\u00f6\u00dfe \u00fcberpr\u00fcft. Rechtswidrige Inhalte waren zum Zeitpunkt der Verlinkung nicht erkennbar. Eine permanente inhaltliche Kontrolle der verlinkten Seiten ist jedoch ohne konkrete Anhaltspunkte einer Rechtsverletzung nicht zumutbar. Bei Bekanntwerden von Rechtsverletzungen werden wir derartige Links umgehend entfernen.<\/span><\/p>\n<p class=\"p1\"><strong><span class=\"s1\">Urheberrecht<\/span><\/strong><\/p>\n<p class=\"p1\"><span class=\"s1\">Die durch die Seitenbetreiber erstellten Inhalte und Werke auf diesen Seiten unterliegen dem deutschen Urheberrecht. Die Vervielf\u00e4ltigung, Bearbeitung, Verbreitung und jede Art der Verwertung au\u00dferhalb der Grenzen des Urheberrechtes bed\u00fcrfen der schriftlichen Zustimmung des jeweiligen Autors bzw. Erstellers. Downloads und Kopien dieser Seite sind nur f\u00fcr den privaten, nicht kommerziellen Gebrauch gestattet. Soweit die Inhalte auf dieser Seite nicht vom Betreiber erstellt wurden, werden die Urheberrechte Dritter beachtet. Insbesondere werden Inhalte Dritter als solche gekennzeichnet. Sollten Sie trotzdem auf eine Urheberrechtsverletzung aufmerksam werden, bitten wir um einen entsprechenden Hinweis. Bei Bekanntwerden von Rechtsverletzungen werden wir derartige Inhalte umgehend entfernen.<\/span><\/p>\n<p class=\"p1\"><span class=\"s1\">Quelle: e-recht24.de<\/span><\/p>\n","protected":false},"excerpt":{"rendered":"<p>Angaben gem\u00e4\u00df \u00a7 5 TMG Vereinigung f\u00fcr Medienkultur Bankgasse 8 1010 Wien Vereinsregister: Registernummer 211737801 Registergericht: Registergericht Wien Vertreten durch den Vorstand: Bakk. phil. Udo Bachmair Kontakt: E-Mail: medienkultur@medienkultur.at Verantwortlich f\u00fcr den Inhalt nach \u00a7 55 Abs. 2 RStV Bakk. phil. Udo Bachmair Bankgasse 8 1010 Wien Wir sind nicht bereit oder verpflichtet, an Streitbeilegungsverfahren &hellip; <a href=\"https:\/\/www.medienkultur.at\/neu\/impressum\/\" class=\"more-link\"><span class=\"screen-reader-text\">Impressum<\/span> weiterlesen <span class=\"meta-nav\">&rarr;<\/span><\/a><\/p>\n","protected":false},"author":1,"featured_media":0,"parent":0,"menu_order":0,"comment_status":"closed","ping_status":"closed","template":"","meta":{"footnotes":""},"class_list":["post-5079","page","type-page","status-publish","hentry"],"yoast_head":"<!-- This site is optimized with the Yoast SEO plugin v27.5 - https:\/\/yoast.com\/product\/yoast-seo-wordpress\/ -->\n<title>Impressum | Vereinigung f\u00fcr Medienkultur<\/title>\n<meta name=\"robots\" content=\"index, follow, max-snippet:-1, max-image-preview:large, max-video-preview:-1\" \/>\n<link rel=\"canonical\" href=\"https:\/\/www.medienkultur.at\/neu\/impressum\/\" \/>\n<meta property=\"og:locale\" content=\"de_DE\" \/>\n<meta property=\"og:type\" content=\"article\" \/>\n<meta property=\"og:title\" content=\"Impressum | Vereinigung f\u00fcr Medienkultur\" \/>\n<meta property=\"og:description\" content=\"Angaben gem\u00e4\u00df \u00a7 5 TMG Vereinigung f\u00fcr Medienkultur Bankgasse 8 1010 Wien Vereinsregister: Registernummer 211737801 Registergericht: Registergericht Wien Vertreten durch den Vorstand: Bakk. phil. Udo Bachmair Kontakt: E-Mail: medienkultur@medienkultur.at Verantwortlich f\u00fcr den Inhalt nach \u00a7 55 Abs. 2 RStV Bakk. phil. Udo Bachmair Bankgasse 8 1010 Wien Wir sind nicht bereit oder verpflichtet, an Streitbeilegungsverfahren &hellip; Impressum weiterlesen &rarr;\" \/>\n<meta property=\"og:url\" content=\"https:\/\/www.medienkultur.at\/neu\/impressum\/\" \/>\n<meta property=\"og:site_name\" content=\"Vereinigung f\u00fcr Medienkultur\" \/>\n<meta property=\"article:modified_time\" content=\"2019-01-09T18:17:08+00:00\" \/>\n<meta name=\"twitter:card\" content=\"summary_large_image\" \/>\n<meta name=\"twitter:label1\" content=\"Gesch\u00e4tzte Lesezeit\" \/>\n\t<meta name=\"twitter:data1\" content=\"2\u00a0Minuten\" \/>\n<script type=\"application\/ld+json\" class=\"yoast-schema-graph\">{\"@context\":\"https:\\\/\\\/schema.org\",\"@graph\":[{\"@type\":\"WebPage\",\"@id\":\"https:\\\/\\\/www.medienkultur.at\\\/neu\\\/impressum\\\/\",\"url\":\"https:\\\/\\\/www.medienkultur.at\\\/neu\\\/impressum\\\/\",\"name\":\"Impressum | Vereinigung f\u00fcr Medienkultur\",\"isPartOf\":{\"@id\":\"https:\\\/\\\/www.medienkultur.at\\\/neu\\\/#website\"},\"datePublished\":\"2018-12-19T16:26:45+00:00\",\"dateModified\":\"2019-01-09T18:17:08+00:00\",\"breadcrumb\":{\"@id\":\"https:\\\/\\\/www.medienkultur.at\\\/neu\\\/impressum\\\/#breadcrumb\"},\"inLanguage\":\"de\",\"potentialAction\":[{\"@type\":\"ReadAction\",\"target\":[\"https:\\\/\\\/www.medienkultur.at\\\/neu\\\/impressum\\\/\"]}]},{\"@type\":\"BreadcrumbList\",\"@id\":\"https:\\\/\\\/www.medienkultur.at\\\/neu\\\/impressum\\\/#breadcrumb\",\"itemListElement\":[{\"@type\":\"ListItem\",\"position\":1,\"name\":\"Startseite\",\"item\":\"https:\\\/\\\/www.medienkultur.at\\\/neu\\\/\"},{\"@type\":\"ListItem\",\"position\":2,\"name\":\"Impressum\"}]},{\"@type\":\"WebSite\",\"@id\":\"https:\\\/\\\/www.medienkultur.at\\\/neu\\\/#website\",\"url\":\"https:\\\/\\\/www.medienkultur.at\\\/neu\\\/\",\"name\":\"Vereinigung f\u00fcr Medienkultur\",\"description\":\"\",\"potentialAction\":[{\"@type\":\"SearchAction\",\"target\":{\"@type\":\"EntryPoint\",\"urlTemplate\":\"https:\\\/\\\/www.medienkultur.at\\\/neu\\\/?s={search_term_string}\"},\"query-input\":{\"@type\":\"PropertyValueSpecification\",\"valueRequired\":true,\"valueName\":\"search_term_string\"}}],\"inLanguage\":\"de\"}]}<\/script>\n<!-- \/ Yoast SEO plugin. -->","yoast_head_json":{"title":"Impressum | Vereinigung f\u00fcr Medienkultur","robots":{"index":"index","follow":"follow","max-snippet":"max-snippet:-1","max-image-preview":"max-image-preview:large","max-video-preview":"max-video-preview:-1"},"canonical":"https:\/\/www.medienkultur.at\/neu\/impressum\/","og_locale":"de_DE","og_type":"article","og_title":"Impressum | Vereinigung f\u00fcr Medienkultur","og_description":"Angaben gem\u00e4\u00df \u00a7 5 TMG Vereinigung f\u00fcr Medienkultur Bankgasse 8 1010 Wien Vereinsregister: Registernummer 211737801 Registergericht: Registergericht Wien Vertreten durch den Vorstand: Bakk. phil. Udo Bachmair Kontakt: E-Mail: medienkultur@medienkultur.at Verantwortlich f\u00fcr den Inhalt nach \u00a7 55 Abs. 2 RStV Bakk. phil. Udo Bachmair Bankgasse 8 1010 Wien Wir sind nicht bereit oder verpflichtet, an Streitbeilegungsverfahren &hellip; Impressum weiterlesen &rarr;","og_url":"https:\/\/www.medienkultur.at\/neu\/impressum\/","og_site_name":"Vereinigung f\u00fcr Medienkultur","article_modified_time":"2019-01-09T18:17:08+00:00","twitter_card":"summary_large_image","twitter_misc":{"Gesch\u00e4tzte Lesezeit":"2\u00a0Minuten"},"schema":{"@context":"https:\/\/schema.org","@graph":[{"@type":"WebPage","@id":"https:\/\/www.medienkultur.at\/neu\/impressum\/","url":"https:\/\/www.medienkultur.at\/neu\/impressum\/","name":"Impressum | Vereinigung f\u00fcr Medienkultur","isPartOf":{"@id":"https:\/\/www.medienkultur.at\/neu\/#website"},"datePublished":"2018-12-19T16:26:45+00:00","dateModified":"2019-01-09T18:17:08+00:00","breadcrumb":{"@id":"https:\/\/www.medienkultur.at\/neu\/impressum\/#breadcrumb"},"inLanguage":"de","potentialAction":[{"@type":"ReadAction","target":["https:\/\/www.medienkultur.at\/neu\/impressum\/"]}]},{"@type":"BreadcrumbList","@id":"https:\/\/www.medienkultur.at\/neu\/impressum\/#breadcrumb","itemListElement":[{"@type":"ListItem","position":1,"name":"Startseite","item":"https:\/\/www.medienkultur.at\/neu\/"},{"@type":"ListItem","position":2,"name":"Impressum"}]},{"@type":"WebSite","@id":"https:\/\/www.medienkultur.at\/neu\/#website","url":"https:\/\/www.medienkultur.at\/neu\/","name":"Vereinigung f\u00fcr Medienkultur","description":"","potentialAction":[{"@type":"SearchAction","target":{"@type":"EntryPoint","urlTemplate":"https:\/\/www.medienkultur.at\/neu\/?s={search_term_string}"},"query-input":{"@type":"PropertyValueSpecification","valueRequired":true,"valueName":"search_term_string"}}],"inLanguage":"de"}]}},"_links":{"self":[{"href":"https:\/\/www.medienkultur.at\/neu\/wp-json\/wp\/v2\/pages\/5079","targetHints":{"allow":["GET"]}}],"collection":[{"href":"https:\/\/www.medienkultur.at\/neu\/wp-json\/wp\/v2\/pages"}],"about":[{"href":"https:\/\/www.medienkultur.at\/neu\/wp-json\/wp\/v2\/types\/page"}],"author":[{"embeddable":true,"href":"https:\/\/www.medienkultur.at\/neu\/wp-json\/wp\/v2\/users\/1"}],"replies":[{"embeddable":true,"href":"https:\/\/www.medienkultur.at\/neu\/wp-json\/wp\/v2\/comments?post=5079"}],"version-history":[{"count":4,"href":"https:\/\/www.medienkultur.at\/neu\/wp-json\/wp\/v2\/pages\/5079\/revisions"}],"predecessor-version":[{"id":5159,"href":"https:\/\/www.medienkultur.at\/neu\/wp-json\/wp\/v2\/pages\/5079\/revisions\/5159"}],"wp:attachment":[{"href":"https:\/\/www.medienkultur.at\/neu\/wp-json\/wp\/v2\/media?parent=5079"}],"curies":[{"name":"wp","href":"https:\/\/api.w.org\/{rel}","templated":true}]}}