{"id":171,"date":"2013-11-24T08:23:29","date_gmt":"2013-11-24T06:23:29","guid":{"rendered":"http:\/\/www.medienkultur.at\/neu\/?page_id=171"},"modified":"2020-06-08T12:33:34","modified_gmt":"2020-06-08T11:33:34","slug":"unser-team-1-2","status":"publish","type":"page","link":"https:\/\/www.medienkultur.at\/neu\/unser-team-1-2\/","title":{"rendered":"Unser TEAM"},"content":{"rendered":"<h5><a href=\"https:\/\/www.medienkultur.at\/neu\/wp-content\/uploads\/L1280408.udo_.B.a.jpg\">\u00a0<\/a><a href=\"https:\/\/www.medienkultur.at\/neu\/wp-content\/uploads\/L1280408.udo_.B.a.jpg\"><img loading=\"lazy\" decoding=\"async\" class=\" size-medium wp-image-975 alignleft\" src=\"https:\/\/www.medienkultur.at\/neu\/wp-content\/uploads\/L1280408.udo_.B.a-300x248.jpg\" alt=\"L1280408.udo.B.a\" width=\"300\" height=\"248\" srcset=\"https:\/\/www.medienkultur.at\/neu\/wp-content\/uploads\/L1280408.udo_.B.a-300x248.jpg 300w, https:\/\/www.medienkultur.at\/neu\/wp-content\/uploads\/L1280408.udo_.B.a-1024x847.jpg 1024w\" sizes=\"auto, (max-width: 300px) 100vw, 300px\" \/><\/a><\/h5>\n<h5><\/h5>\n<h5>Udo Bachmair neuer Pr\u00e4sident der Vereinigung f\u00fcr Medienkultur.<\/h5>\n<p>Der langj\u00e4hrige ORF-Redakteur und -Moderator Udo Bachmair ist zum neuen Pr\u00e4sidenten der Vereinigung f\u00fcr Medienkultur gew\u00e4hlt worden. Der\u00a0Politologe und einer der Proponenten des Demokratievolksbegehrens\u00a0 tritt die Nachfolge des Mediensoziologen und Autors Prof. Dr. Hans H\u00f6gl an, der die Vereinigung 10 Jahre geleitet hat.<\/p>\n<p>Um einen hohen Standard der Medienkultur in unserem Land zu gew\u00e4hrleisten, m\u00fcsste Fehlentwicklungen und Missst\u00e4nden vehement entgegengewirkt werden. Dazu wolle die parteiunabh\u00e4ngige Vereinigung verst\u00e4rkt beitragen, betonte der neue Pr\u00e4sident in einer ersten Stellungnahme nach seiner Wahl. Insgesamt gelte es, auf der sehr erfolgreichen Basisarbeit von Prof. H\u00f6gl, der k\u00fcnftig als Vizepr\u00e4sident fungiert, aufzubauen.<\/p>\n<p>&nbsp;<\/p>\n<p><strong>UNSER TEAM :\u00a0<\/strong><\/p>\n<p>&nbsp;<\/p>\n<p><strong>Pr\u00e4sidium :<\/strong><\/p>\n<p>Pr\u00e4sident: Bakk. phil. <strong>U d o B a c h m a i r : <\/strong><\/p>\n<p>Er war jahrzehntelang Moderator, Redakteur und Regisseur im ORF-Radio (\u00d61-Journale), zus\u00e4tzlich einige Jahre auch als stv. \u00d61-Info-Chef t\u00e4tig sowie als Pr\u00e4sentator und Diskussionsleiter der TV-Sendung &#8222;Kreuz&amp;Quer&#8220;. Neben zahlreichen anderen Aktivit\u00e4ten, wie Moderationen von Veranstaltungen, Lesungen, Ver\u00f6ffentlichungen von politischen und medienkritsicher Analysen, etc.\u00a0\u00a0ist der Politikwissenschafts-Asolvent\u00a0\u00a0u.a. auch Mitglied der Theatergruppe &#8222;Portraittheater&#8220;.<\/p>\n<p>&nbsp;<\/p>\n<p>Vizepr\u00e4sident: Prof. Dr. <strong>Hans H \u00f6 g l : <\/strong><\/p>\n<p>&nbsp;<\/p>\n<p><a href=\"https:\/\/www.medienkultur.at\/neu\/wp-content\/uploads\/L1150704.HHimAufzug.1q.a.jpg\"><img loading=\"lazy\" decoding=\"async\" class=\"alignnone size-medium wp-image-976\" src=\"https:\/\/www.medienkultur.at\/neu\/wp-content\/uploads\/L1150704.HHimAufzug.1q.a-300x168.jpg\" alt=\"L1150704.HHimAufzug.1q.a\" width=\"300\" height=\"168\" srcset=\"https:\/\/www.medienkultur.at\/neu\/wp-content\/uploads\/L1150704.HHimAufzug.1q.a-300x168.jpg 300w, https:\/\/www.medienkultur.at\/neu\/wp-content\/uploads\/L1150704.HHimAufzug.1q.a-1024x576.jpg 1024w, https:\/\/www.medienkultur.at\/neu\/wp-content\/uploads\/L1150704.HHimAufzug.1q.a.jpg 1920w\" sizes=\"auto, (max-width: 300px) 100vw, 300px\" \/><\/a><\/p>\n<p>Er ist Medien- u. Gemeindesoziologe. Studien in Innsbruck (1965-67), an der franz\u00f6sischen Fakult\u00e4t in Louvain ( 1967-72). Dissertation in Wien: Vergleich von &#8222;Le Monde&#8220; u. der &#8222;Frankfurter Allgemeinen&#8220; \u00fcber die Pentagon Papiere. Autor u.a. des Buches: &#8222;Bin kein Tourist, ich wohne hier&#8220;.<\/p>\n<p>Studierende schrieben Lustiges \u00fcber ihn in einer Brosch\u00fcre und fragten die Leser: &#8222;Wer ist das? Besitzt ein Zeitungsarchiv von undefinierbarem Ausma\u00df. Immer wieder fragten wir uns, wie gro\u00dfe wohl seine Wohnung ist. Wer immer einen Artikel sucht, hier wurde er f\u00fcndig&#8220;.<\/p>\n<p>&nbsp;<\/p>\n<p><strong>Vorstandsmitglieder:<\/strong><\/p>\n<p>&nbsp;<\/p>\n<p>Mag. <strong>Hermine S c h r e i b e r h u b e r :<\/strong><a href=\"https:\/\/www.medienkultur.at\/neu\/wp-content\/uploads\/IMG_2534-1.jpg\"><img loading=\"lazy\" decoding=\"async\" class=\"alignright size-medium wp-image-2220\" src=\"https:\/\/www.medienkultur.at\/neu\/wp-content\/uploads\/IMG_2534-1-276x300.jpg\" alt=\"IMG_2534 1\" width=\"276\" height=\"300\" srcset=\"https:\/\/www.medienkultur.at\/neu\/wp-content\/uploads\/IMG_2534-1-276x300.jpg 276w, https:\/\/www.medienkultur.at\/neu\/wp-content\/uploads\/IMG_2534-1-941x1024.jpg 941w, https:\/\/www.medienkultur.at\/neu\/wp-content\/uploads\/IMG_2534-1.jpg 1397w\" sizes=\"auto, (max-width: 276px) 100vw, 276px\" \/><\/a><\/p>\n<p>Sie schreibt als freie Journalistin in Wien politische Reportagen und Analysen. Sie studierte in Wien und Paris Sprachen u. Kommunikationswissenschaft. Als Au\u00dfenpolitikredakteurin bei der APA \u2013 Austria Presse Agentur &#8211; u. langj\u00e4hrige Vizeressortleiterin begleitete sie Staatsbesuche in alle Welt und unternahm Rechercherereisen in Konfliktgebiete. Sie arbeitete an mehreren politischen B\u00fcchern mit. in der Au\u00dfenpolitik. Ihre aufregende und gef\u00e4hrliche Reise mit dem Jeep ins Land Gaddafis wird im Buch \u201cLIBYENS GR\u00dcNE H\u00dcGEL<strong>\u201d <\/strong>geschildert.<\/p>\n<p>&nbsp;<\/p>\n<p><img loading=\"lazy\" decoding=\"async\" class=\" wp-image-2250 alignright\" src=\"https:\/\/www.medienkultur.at\/neu\/wp-content\/uploads\/C-studio-gartler-07-201x300.jpg\" alt=\"C studio gartler 07\" width=\"154\" height=\"230\" srcset=\"https:\/\/www.medienkultur.at\/neu\/wp-content\/uploads\/C-studio-gartler-07-201x300.jpg 201w, https:\/\/www.medienkultur.at\/neu\/wp-content\/uploads\/C-studio-gartler-07.jpg 474w\" sizes=\"auto, (max-width: 154px) 100vw, 154px\" \/><\/p>\n<p>Mag. <strong>Franz S c h l a c h e r :<br \/>\n<\/strong><\/p>\n<p>&nbsp;<\/p>\n<p>&nbsp;<\/p>\n<p>Germanist und langj\u00e4hriger IT-Experte in einem Unternehmen und jetzt Prof. an einer Allgemeinen H\u00f6heren Schule<\/p>\n<p><strong>\u00a0<\/strong><\/p>\n<p><strong>Karl &#8211; Heinz W i n g<\/strong><strong> e l m a i e r : <\/strong><\/p>\n<p><a href=\"https:\/\/www.medienkultur.at\/neu\/wp-content\/uploads\/L1320765.jpg\">\u00a0<\/a><a href=\"https:\/\/www.medienkultur.at\/neu\/wp-content\/uploads\/L1320765.jpg\"><img loading=\"lazy\" decoding=\"async\" class=\" size-medium wp-image-2222 alignnone\" src=\"https:\/\/www.medienkultur.at\/neu\/wp-content\/uploads\/L1320765-300x292.jpg\" alt=\"L1320765\" width=\"300\" height=\"292\" srcset=\"https:\/\/www.medienkultur.at\/neu\/wp-content\/uploads\/L1320765-300x292.jpg 300w, https:\/\/www.medienkultur.at\/neu\/wp-content\/uploads\/L1320765-1024x998.jpg 1024w\" sizes=\"auto, (max-width: 300px) 100vw, 300px\" \/><\/a>\u00a0<a href=\"https:\/\/www.medienkultur.at\/neu\/wp-content\/uploads\/L1320762-q.jpg\"><img loading=\"lazy\" decoding=\"async\" class=\" size-medium wp-image-2224 alignright\" src=\"https:\/\/www.medienkultur.at\/neu\/wp-content\/uploads\/L1320762-q-300x201.jpg\" alt=\"L1320762 q\" width=\"300\" height=\"201\" srcset=\"https:\/\/www.medienkultur.at\/neu\/wp-content\/uploads\/L1320762-q-300x201.jpg 300w, https:\/\/www.medienkultur.at\/neu\/wp-content\/uploads\/L1320762-q-1024x685.jpg 1024w\" sizes=\"auto, (max-width: 300px) 100vw, 300px\" \/><\/a><\/p>\n<p>Organisationsreferent. Sein Beruf: Unternehmer. U.a. einer der Aktivisten der Initiative &#8222;Mein \u00d6sterreich\/Demokratie jetzt&#8220;.<\/p>\n<p><strong>\u00a0<\/strong><\/p>\n<p><strong>Mag. Christine\u00a0 G r a b n e r:<\/strong><\/p>\n<p>Mag. Christine Grabner ist (TV-) Journalistin &#8211; so bis 2017 in der Sendung<br \/>\n&#8222;Am Schauplatz&#8220; (ORF 2). Sie recherchierte bei Skandalen und war<br \/>\nMit-Aufdeckerin: bei der Hypo-Alpe-Adria, beim Missbrauch von Heimkindern<br \/>\nin staatlichen und kirchlichen Heimen, beim Gl\u00fccksspielskandal um den<br \/>\nKonzern Novomatic. Dann war sie kurz Chefreporterin beim Portal<br \/>\n&#8222;Addendum&#8220;.<\/p>\n<p>Die K\u00e4rntnerin (geb. 1972) studierte an der Freien Universit\u00e4t Berlin<br \/>\nPublizistik, Zeitgeschichte, Philosophie. Sie engagiert sich ehrenamtlich<br \/>\nund ist Mitbegr\u00fcnderin der K\u00e4rntner Allgemeinen Zeitung (kaz), der 1.<br \/>\nStra\u00dfenzeitung f\u00fcr K\u00e4rnten.<\/p>\n<p>&nbsp;<\/p>\n<p><strong>Elisabeth A l-H i m r a n i: <\/strong><\/p>\n<p>Generalsekret\u00e4rin der \u00d6sterr.-Indischen Gesellschaft<\/p>\n<p>&nbsp;<\/p>\n<p><strong>Elisabeth M. S t o l b e r g : <\/strong><\/p>\n<p>Dolmetscherin, Kontaktperson in M\u00fcnchen.<\/p>\n<p>&nbsp;<\/p>\n<p><strong>Beir\u00e4te: <\/strong><\/p>\n<p><em>Dr.<strong> Peter Pawlovsky (fr\u00fcher ORF, ARTE-Berater)<\/strong><\/em><\/p>\n<p><em>Univ. Prof. Dr<strong>. Friedrich Hausjell ( Institut f\u00fcr Publizistik und Kommunikationswissenschaft an der univ. Wien ) <\/strong><\/em><\/p>\n<p>&nbsp;<\/p>\n<div><\/div>\n<div><\/div>\n<p>&nbsp;<\/p>\n<p><b>\u00a0<\/b><\/p>\n<p>&nbsp;<\/p>\n<p><strong>\u00a0<\/strong><\/p>\n<p>&nbsp;<\/p>\n<p>&nbsp;<\/p>\n<p>&nbsp;<\/p>\n<p>&nbsp;<\/p>\n<p>&nbsp;<\/p>\n<p>&nbsp;<\/p>\n<p>&nbsp;<\/p>\n<p>&nbsp;<\/p>\n<p>&nbsp;<\/p>\n<p>&nbsp;<\/p>\n<p>&nbsp;<\/p>\n<p>&nbsp;<\/p>\n<p>&nbsp;<\/p>\n<p>&nbsp;<\/p>\n<p>&nbsp;<\/p>\n<p>&nbsp;<\/p>\n<p><span style=\"color: #222222;\">\u00a0<\/span><\/p>\n<div>\n<div>\n<div>\n<div><span style=\"color: #222222;\">\u00a0<\/span><\/div>\n<div><span style=\"color: #00ff00;\">\u00a0<\/span><\/div>\n<\/div>\n<\/div>\n<div><\/div>\n<div><\/div>\n<div><\/div>\n<\/div>\n<div><\/div>\n<div><\/div>\n<div><\/div>\n<div><\/div>\n<div><\/div>\n<div><\/div>\n<div><\/div>\n<div><\/div>\n<div><\/div>\n<div><\/div>\n<div><\/div>\n","protected":false},"excerpt":{"rendered":"<p>\u00a0 Udo Bachmair neuer Pr\u00e4sident der Vereinigung f\u00fcr Medienkultur. Der langj\u00e4hrige ORF-Redakteur und -Moderator Udo Bachmair ist zum neuen Pr\u00e4sidenten der Vereinigung f\u00fcr Medienkultur gew\u00e4hlt worden. Der\u00a0Politologe und einer der Proponenten des Demokratievolksbegehrens\u00a0 tritt die Nachfolge des Mediensoziologen und Autors Prof. Dr. Hans H\u00f6gl an, der die Vereinigung 10 Jahre geleitet hat. Um einen hohen &hellip; <a href=\"https:\/\/www.medienkultur.at\/neu\/unser-team-1-2\/\" class=\"more-link\"><span class=\"screen-reader-text\">Unser TEAM<\/span> weiterlesen <span class=\"meta-nav\">&rarr;<\/span><\/a><\/p>\n","protected":false},"author":1,"featured_media":0,"parent":0,"menu_order":2,"comment_status":"open","ping_status":"closed","template":"","meta":{"footnotes":""},"class_list":["post-171","page","type-page","status-publish","hentry"],"yoast_head":"<!-- This site is optimized with the Yoast SEO plugin v27.5 - https:\/\/yoast.com\/product\/yoast-seo-wordpress\/ -->\n<title>Unser TEAM | Vereinigung f\u00fcr Medienkultur<\/title>\n<meta name=\"robots\" content=\"index, follow, max-snippet:-1, max-image-preview:large, max-video-preview:-1\" \/>\n<link rel=\"canonical\" href=\"https:\/\/www.medienkultur.at\/neu\/unser-team-1-2\/\" \/>\n<meta property=\"og:locale\" content=\"de_DE\" \/>\n<meta property=\"og:type\" content=\"article\" \/>\n<meta property=\"og:title\" content=\"Unser TEAM | Vereinigung f\u00fcr Medienkultur\" \/>\n<meta property=\"og:description\" content=\"\u00a0 Udo Bachmair neuer Pr\u00e4sident der Vereinigung f\u00fcr Medienkultur. Der langj\u00e4hrige ORF-Redakteur und -Moderator Udo Bachmair ist zum neuen Pr\u00e4sidenten der Vereinigung f\u00fcr Medienkultur gew\u00e4hlt worden. Der\u00a0Politologe und einer der Proponenten des Demokratievolksbegehrens\u00a0 tritt die Nachfolge des Mediensoziologen und Autors Prof. Dr. Hans H\u00f6gl an, der die Vereinigung 10 Jahre geleitet hat. Um einen hohen &hellip; Unser TEAM weiterlesen &rarr;\" \/>\n<meta property=\"og:url\" content=\"https:\/\/www.medienkultur.at\/neu\/unser-team-1-2\/\" \/>\n<meta property=\"og:site_name\" content=\"Vereinigung f\u00fcr Medienkultur\" \/>\n<meta property=\"article:modified_time\" content=\"2020-06-08T11:33:34+00:00\" \/>\n<meta property=\"og:image\" content=\"http:\/\/www.medienkultur.at\/neu\/wp-content\/uploads\/L1280408.udo_.B.a-300x248.jpg\" \/>\n<meta name=\"twitter:card\" content=\"summary_large_image\" \/>\n<meta name=\"twitter:label1\" content=\"Gesch\u00e4tzte Lesezeit\" \/>\n\t<meta name=\"twitter:data1\" content=\"3\u00a0Minuten\" \/>\n<script type=\"application\/ld+json\" class=\"yoast-schema-graph\">{\"@context\":\"https:\\\/\\\/schema.org\",\"@graph\":[{\"@type\":\"WebPage\",\"@id\":\"https:\\\/\\\/www.medienkultur.at\\\/neu\\\/unser-team-1-2\\\/\",\"url\":\"https:\\\/\\\/www.medienkultur.at\\\/neu\\\/unser-team-1-2\\\/\",\"name\":\"Unser TEAM | Vereinigung f\u00fcr Medienkultur\",\"isPartOf\":{\"@id\":\"https:\\\/\\\/www.medienkultur.at\\\/neu\\\/#website\"},\"primaryImageOfPage\":{\"@id\":\"https:\\\/\\\/www.medienkultur.at\\\/neu\\\/unser-team-1-2\\\/#primaryimage\"},\"image\":{\"@id\":\"https:\\\/\\\/www.medienkultur.at\\\/neu\\\/unser-team-1-2\\\/#primaryimage\"},\"thumbnailUrl\":\"http:\\\/\\\/www.medienkultur.at\\\/neu\\\/wp-content\\\/uploads\\\/L1280408.udo_.B.a-300x248.jpg\",\"datePublished\":\"2013-11-24T06:23:29+00:00\",\"dateModified\":\"2020-06-08T11:33:34+00:00\",\"breadcrumb\":{\"@id\":\"https:\\\/\\\/www.medienkultur.at\\\/neu\\\/unser-team-1-2\\\/#breadcrumb\"},\"inLanguage\":\"de\",\"potentialAction\":[{\"@type\":\"ReadAction\",\"target\":[\"https:\\\/\\\/www.medienkultur.at\\\/neu\\\/unser-team-1-2\\\/\"]}]},{\"@type\":\"ImageObject\",\"inLanguage\":\"de\",\"@id\":\"https:\\\/\\\/www.medienkultur.at\\\/neu\\\/unser-team-1-2\\\/#primaryimage\",\"url\":\"http:\\\/\\\/www.medienkultur.at\\\/neu\\\/wp-content\\\/uploads\\\/L1280408.udo_.B.a-300x248.jpg\",\"contentUrl\":\"http:\\\/\\\/www.medienkultur.at\\\/neu\\\/wp-content\\\/uploads\\\/L1280408.udo_.B.a-300x248.jpg\"},{\"@type\":\"BreadcrumbList\",\"@id\":\"https:\\\/\\\/www.medienkultur.at\\\/neu\\\/unser-team-1-2\\\/#breadcrumb\",\"itemListElement\":[{\"@type\":\"ListItem\",\"position\":1,\"name\":\"Startseite\",\"item\":\"https:\\\/\\\/www.medienkultur.at\\\/neu\\\/\"},{\"@type\":\"ListItem\",\"position\":2,\"name\":\"Unser TEAM\"}]},{\"@type\":\"WebSite\",\"@id\":\"https:\\\/\\\/www.medienkultur.at\\\/neu\\\/#website\",\"url\":\"https:\\\/\\\/www.medienkultur.at\\\/neu\\\/\",\"name\":\"Vereinigung f\u00fcr Medienkultur\",\"description\":\"\",\"potentialAction\":[{\"@type\":\"SearchAction\",\"target\":{\"@type\":\"EntryPoint\",\"urlTemplate\":\"https:\\\/\\\/www.medienkultur.at\\\/neu\\\/?s={search_term_string}\"},\"query-input\":{\"@type\":\"PropertyValueSpecification\",\"valueRequired\":true,\"valueName\":\"search_term_string\"}}],\"inLanguage\":\"de\"}]}<\/script>\n<!-- \/ Yoast SEO plugin. -->","yoast_head_json":{"title":"Unser TEAM | Vereinigung f\u00fcr Medienkultur","robots":{"index":"index","follow":"follow","max-snippet":"max-snippet:-1","max-image-preview":"max-image-preview:large","max-video-preview":"max-video-preview:-1"},"canonical":"https:\/\/www.medienkultur.at\/neu\/unser-team-1-2\/","og_locale":"de_DE","og_type":"article","og_title":"Unser TEAM | Vereinigung f\u00fcr Medienkultur","og_description":"\u00a0 Udo Bachmair neuer Pr\u00e4sident der Vereinigung f\u00fcr Medienkultur. Der langj\u00e4hrige ORF-Redakteur und -Moderator Udo Bachmair ist zum neuen Pr\u00e4sidenten der Vereinigung f\u00fcr Medienkultur gew\u00e4hlt worden. Der\u00a0Politologe und einer der Proponenten des Demokratievolksbegehrens\u00a0 tritt die Nachfolge des Mediensoziologen und Autors Prof. Dr. Hans H\u00f6gl an, der die Vereinigung 10 Jahre geleitet hat. Um einen hohen &hellip; Unser TEAM weiterlesen &rarr;","og_url":"https:\/\/www.medienkultur.at\/neu\/unser-team-1-2\/","og_site_name":"Vereinigung f\u00fcr Medienkultur","article_modified_time":"2020-06-08T11:33:34+00:00","og_image":[{"url":"http:\/\/www.medienkultur.at\/neu\/wp-content\/uploads\/L1280408.udo_.B.a-300x248.jpg","type":"","width":"","height":""}],"twitter_card":"summary_large_image","twitter_misc":{"Gesch\u00e4tzte Lesezeit":"3\u00a0Minuten"},"schema":{"@context":"https:\/\/schema.org","@graph":[{"@type":"WebPage","@id":"https:\/\/www.medienkultur.at\/neu\/unser-team-1-2\/","url":"https:\/\/www.medienkultur.at\/neu\/unser-team-1-2\/","name":"Unser TEAM | Vereinigung f\u00fcr Medienkultur","isPartOf":{"@id":"https:\/\/www.medienkultur.at\/neu\/#website"},"primaryImageOfPage":{"@id":"https:\/\/www.medienkultur.at\/neu\/unser-team-1-2\/#primaryimage"},"image":{"@id":"https:\/\/www.medienkultur.at\/neu\/unser-team-1-2\/#primaryimage"},"thumbnailUrl":"http:\/\/www.medienkultur.at\/neu\/wp-content\/uploads\/L1280408.udo_.B.a-300x248.jpg","datePublished":"2013-11-24T06:23:29+00:00","dateModified":"2020-06-08T11:33:34+00:00","breadcrumb":{"@id":"https:\/\/www.medienkultur.at\/neu\/unser-team-1-2\/#breadcrumb"},"inLanguage":"de","potentialAction":[{"@type":"ReadAction","target":["https:\/\/www.medienkultur.at\/neu\/unser-team-1-2\/"]}]},{"@type":"ImageObject","inLanguage":"de","@id":"https:\/\/www.medienkultur.at\/neu\/unser-team-1-2\/#primaryimage","url":"http:\/\/www.medienkultur.at\/neu\/wp-content\/uploads\/L1280408.udo_.B.a-300x248.jpg","contentUrl":"http:\/\/www.medienkultur.at\/neu\/wp-content\/uploads\/L1280408.udo_.B.a-300x248.jpg"},{"@type":"BreadcrumbList","@id":"https:\/\/www.medienkultur.at\/neu\/unser-team-1-2\/#breadcrumb","itemListElement":[{"@type":"ListItem","position":1,"name":"Startseite","item":"https:\/\/www.medienkultur.at\/neu\/"},{"@type":"ListItem","position":2,"name":"Unser TEAM"}]},{"@type":"WebSite","@id":"https:\/\/www.medienkultur.at\/neu\/#website","url":"https:\/\/www.medienkultur.at\/neu\/","name":"Vereinigung f\u00fcr Medienkultur","description":"","potentialAction":[{"@type":"SearchAction","target":{"@type":"EntryPoint","urlTemplate":"https:\/\/www.medienkultur.at\/neu\/?s={search_term_string}"},"query-input":{"@type":"PropertyValueSpecification","valueRequired":true,"valueName":"search_term_string"}}],"inLanguage":"de"}]}},"_links":{"self":[{"href":"https:\/\/www.medienkultur.at\/neu\/wp-json\/wp\/v2\/pages\/171","targetHints":{"allow":["GET"]}}],"collection":[{"href":"https:\/\/www.medienkultur.at\/neu\/wp-json\/wp\/v2\/pages"}],"about":[{"href":"https:\/\/www.medienkultur.at\/neu\/wp-json\/wp\/v2\/types\/page"}],"author":[{"embeddable":true,"href":"https:\/\/www.medienkultur.at\/neu\/wp-json\/wp\/v2\/users\/1"}],"replies":[{"embeddable":true,"href":"https:\/\/www.medienkultur.at\/neu\/wp-json\/wp\/v2\/comments?post=171"}],"version-history":[{"count":67,"href":"https:\/\/www.medienkultur.at\/neu\/wp-json\/wp\/v2\/pages\/171\/revisions"}],"predecessor-version":[{"id":7821,"href":"https:\/\/www.medienkultur.at\/neu\/wp-json\/wp\/v2\/pages\/171\/revisions\/7821"}],"wp:attachment":[{"href":"https:\/\/www.medienkultur.at\/neu\/wp-json\/wp\/v2\/media?parent=171"}],"curies":[{"name":"wp","href":"https:\/\/api.w.org\/{rel}","templated":true}]}}