{"id":12,"date":"2013-09-21T15:59:04","date_gmt":"2013-09-21T13:59:04","guid":{"rendered":"http:\/\/www.medienkultur.at\/neu\/?page_id=12"},"modified":"2015-02-26T16:26:54","modified_gmt":"2015-02-26T14:26:54","slug":"wer-wir-sind","status":"publish","type":"page","link":"https:\/\/www.medienkultur.at\/neu\/wer-wir-sind\/","title":{"rendered":"\u00dcBER UNS"},"content":{"rendered":"<h5>\u00a0Wir stellen hier den neuen Pr\u00e4sidenten vor.<\/h5>\n<h2>Udo Bachmair neuer Pr\u00e4sident der Vereinigung f\u00fcr Medienkultur<\/h2>\n<h6>\u00a0Wien &#8211;\u00a0 Der langj\u00e4hrige <a href=\"http:\/\/derstandard.at\/r1249\" target=\"_blank\">ORF<\/a>-Redakteur Udo Bachmair ist zum neuen Pr\u00e4sidenten der Vereinigung f\u00fcr Medienkultur gew\u00e4hlt worden. Er folgt dem Autor Hans H\u00f6gl nach, der die Vereinigung zehn Jahre geleitet hat und sich nun verst\u00e4rkt dem Blog <a href=\"http:\/\/www.medienkultur.at\/\" target=\"_blank\">medienkultur.at<\/a> widmen will. (red, derStandard.at, 22.11.2013 .-\u00a0Online).<\/h6>\n<p>__________<\/p>\n<h6>Publikation im &#8222;Extradienst&#8220; ( Online-Magazin f\u00fcr Medien ) :<\/h6>\n<h2>Udo Bachmair ist Pr\u00e4sident des Vereins f\u00fcr Medienkultur<\/h2>\n<p><a title=\"Der ORF-Redakteur Udo Bachmair ist zum neuen Pr\u00e4sidenten der Vereinigung f\u00fcr Medienkultur gew\u00e4hlt worden und tritt  \" href=\"http:\/\/www.extradienst.at\/news\/medien\/udo-bachmair-ist-praesident-des-vereins-fuer-medienkultur\/image\/image_view_fullscreen\">\u00a0\u00a0\u00a0<\/a>Udo Bachmair ist neuer Pr\u00e4sident der Vereinigung f\u00fcr Medienkultur<\/p>\n<p>Der langj\u00e4hrige ORF-Redakteur Udo Bachmair ist zum\u00a0neuen Pr\u00e4sidenten der Vereinigung f\u00fcr Medienkultur gew\u00e4hlt worden.\u00a0Der Absolvent der Politikwissenschaft und Proponent des\u00a0Demokratievolksbegehrens \u00a0folgt dem Autor Hans H\u00f6gl nach,\u00a0der die Vereinigung 10 Jahre geleitet hat und sich verst\u00e4rkt dem\u00a0Blog <a href=\"http:\/\/www.medienkultur.at\/\" target=\"_blank\">www.medienkultur.at<\/a> widmen wird.<\/p>\n<p>Die parteiunabh\u00e4ngige Vereinigung wolle verst\u00e4rktes Augenmerk auf die Boulevardpresse legen und werde versuchen, Fehlentwicklungen, die durch demokratiepolitische Ursachen entstanden sind, entgegenzuwirken, betonte der neue Pr\u00e4sident.Als weiteres Kernthema sieht Bachmair die Verantwortung von Medien im\u00a0Vorfeld der EU-Wahl.<\/p>\n<p>______<\/p>\n<p><span style=\"text-decoration: underline;\"><strong>LANGFASSUNG f\u00fcr die APA- Austrian Press Agency\u00a0\u00a0\u00a0 22.Nov. 2013<\/strong><\/span><\/p>\n<h5>Udo Bachmair neuer Pr\u00e4sident der Vereinigung f\u00fcr Medienkultur.<\/h5>\n<p>Der langj\u00e4hrige ORF-Redakteur und -Moderator Udo Bachmair ist zum neuen Pr\u00e4sidenten der Vereinigung f\u00fcr Medienkultur gew\u00e4hlt worden. Der Absolvent der Politikwissenschaft und einer der Proponenten des Demokratievolksbegehrens\u00a0 tritt die Nachfolge des Mediensoziologen und Autors Prof. Dr. Hans H\u00f6gl an, der die Vereinigung 10 Jahre geleitet hat.<\/p>\n<p>Um einen hohen Standard der Medienkultur in unserem Land zu gew\u00e4hrleisten, m\u00fcsste Fehlentwicklungen und Missst\u00e4nden vehement entgegengewirkt werden. Dazu wolle die parteiunabh\u00e4ngige Vereinigung verst\u00e4rkt beitragen, betonte der neue Pr\u00e4sident in einer ersten Stellungnahme nach seiner Wahl. Insgesamt gelte es, auf der sehr erfolgreichen Basisarbeit von Prof. H\u00f6gl, der k\u00fcnftig als Vizepr\u00e4sident fungiert, aufzubauen.<\/p>\n<p>Der scheidende Pr\u00e4sident erkl\u00e4rte, ein Generationswechsel sei wichtig und er werde sich verst\u00e4rkt dem Blog und der Homepage <a href=\"http:\/\/www.medienkultur.at\/\" target=\"_blank\">www.Medienkultur.at<\/a> widmen.<\/p>\n<p>Nach Angaben des neuen Pr\u00e4sidenten Udo Bachmair will die Vereinigung f\u00fcr Medienkultur 2014 besonderes Augenmerk auf die Boulevard-Presse legen. Diverse Entwicklungen in diesem Bereich bezeichnete Bachmair als \u201edemokratiepolitisch h\u00f6chst bedenklich\u201c. Eine Medienmacht jenseits demokratischer Legitimierung habe sich hierzulande ausgebreitet.\u00a0 In kaum einem anderen Land Europas sei gekaufter Boulevard-Journalismus so ausgepr\u00e4gt wie hierzulande, Inseraten-Millionen w\u00fcrden die betroffenen Medien gef\u00fcgig halten. Zudem seien SpitzenpolitikerInnen zunehmendem Anpassungsdruck an Kurs und Kampagnen von Massenbl\u00e4ttern ausgesetzt, da sie nichts mehr zu f\u00fcrchten scheinen als eine Negativschlagzeile.<\/p>\n<p>Als weiteres Kernthema f\u00fcr 2014 sieht Bachmair die Verantwortung von Medien im Vorfeld der EU-Wahl. Dabei gehe es darum, sachbezogen die Vorteile der Union f\u00fcr \u00d6sterreich zu analysieren, nicht ohne ebenso sachbezogen auch Kritikpunkte und Perspektiven zu er\u00f6rtern, abseits des rechtspopulistischen Anti-EU-Mainstreams. Zum Thema plant die Vereinigung f\u00fcr Medienkultur unter anderem eine gro\u00dfe Diskussionsveranstaltung gemeinsam mit dem Haus der Europ\u00e4ischen Union in Wien.<\/p>\n<p>Zu den Spannungsfeldern \u201eMedien und Politik\u201c, \u201eMedien und Demokratie\u201c, \u201eMedien und Qualit\u00e4tsjournalismus\u201c, nicht zuletzt \u201eMedien und journalistische Ethik\u201c, strebt das neue Pr\u00e4sidium der Vereinigung die Kooperation mit unterschiedlichen anderen Einrichtungen und Initiativen an. Wichtig und w\u00fcnschenswert sei dabei die rege Teilnahme von MedienkonsumentInnen.<\/p>\n<p>&nbsp;<\/p>\n<p><em>Was ist\u00a0Medienkultur? Gibt \u00a0es denn das? (1.1) :Selbstdarstellung der Vereinigung <\/em><\/p>\n<p><b>\u00a0<\/b>Wir sind ein\u00a0<b>offener Kreis<\/b>\u00a0von Medienn\u00fctzern, von Frauen und M\u00e4nnern, unterschiedlich in Herkunft, Beruf, politischer und weltanschaulicher Gesinnung. Unser Sitz ist Wien, T\u00e4tigkeitsfeld \u00d6sterreich. Wir streben eine EU-weite Vernetzung an.<\/p>\n<p>Wir bejahen\u00a0<b>qualitative<\/b>\u00a0Beitr\u00e4ge in Neuen Medien, audio-visuellen und Printmedien sowie deren Aufgabe, zur Bildung und Aufkl\u00e4rung beizutragen. Oft trifft das Gegenteil zu: Schielen auf Reichweiten, Gef\u00e4lligkeitspublizistik und endlos \u00f6de Unterhaltung. Es gibt zu wenig Eigenrecherche und zuviel an Nabelschau, Bagatellen, Geschw\u00e4tz, viele wei\u00dfe Info-Flecken, Unbeachtetes.<\/p>\n<p>Die wirtschaftliche Situation l\u00e4sst Medien das sagen, was ankommt, und\u00a0<b><i>nicht, worauf es ankommt<\/i><\/b>.<\/p>\n<p><a href=\"http:\/\/www.medienimpulse.at\/articles\/view\/334\">http:\/\/www.medienimpul<\/a><a href=\"http:\/\/www.medienimpulse.at\/articles\/view\/334\">se.at\/articles\/view\/334<\/a><\/p>\n<p>&nbsp;<\/p>\n<p>&nbsp;<\/p>\n<p>&nbsp;<\/p>\n","protected":false},"excerpt":{"rendered":"<p>\u00a0Wir stellen hier den neuen Pr\u00e4sidenten vor. Udo Bachmair neuer Pr\u00e4sident der Vereinigung f\u00fcr Medienkultur \u00a0Wien &#8211;\u00a0 Der langj\u00e4hrige ORF-Redakteur Udo Bachmair ist zum neuen Pr\u00e4sidenten der Vereinigung f\u00fcr Medienkultur gew\u00e4hlt worden. Er folgt dem Autor Hans H\u00f6gl nach, der die Vereinigung zehn Jahre geleitet hat und sich nun verst\u00e4rkt dem Blog medienkultur.at widmen will. &hellip; <a href=\"https:\/\/www.medienkultur.at\/neu\/wer-wir-sind\/\" class=\"more-link\"><span class=\"screen-reader-text\">\u00dcBER UNS<\/span> weiterlesen <span class=\"meta-nav\">&rarr;<\/span><\/a><\/p>\n","protected":false},"author":1,"featured_media":0,"parent":0,"menu_order":7,"comment_status":"open","ping_status":"closed","template":"","meta":{"footnotes":""},"class_list":["post-12","page","type-page","status-publish","hentry"],"yoast_head":"<!-- This site is optimized with the Yoast SEO plugin v27.5 - https:\/\/yoast.com\/product\/yoast-seo-wordpress\/ -->\n<title>\u00dcBER UNS | Vereinigung f\u00fcr Medienkultur<\/title>\n<meta name=\"robots\" content=\"index, follow, max-snippet:-1, max-image-preview:large, max-video-preview:-1\" \/>\n<link rel=\"canonical\" href=\"https:\/\/www.medienkultur.at\/neu\/wer-wir-sind\/\" \/>\n<meta property=\"og:locale\" content=\"de_DE\" \/>\n<meta property=\"og:type\" content=\"article\" \/>\n<meta property=\"og:title\" content=\"\u00dcBER UNS | Vereinigung f\u00fcr Medienkultur\" \/>\n<meta property=\"og:description\" content=\"\u00a0Wir stellen hier den neuen Pr\u00e4sidenten vor. Udo Bachmair neuer Pr\u00e4sident der Vereinigung f\u00fcr Medienkultur \u00a0Wien &#8211;\u00a0 Der langj\u00e4hrige ORF-Redakteur Udo Bachmair ist zum neuen Pr\u00e4sidenten der Vereinigung f\u00fcr Medienkultur gew\u00e4hlt worden. Er folgt dem Autor Hans H\u00f6gl nach, der die Vereinigung zehn Jahre geleitet hat und sich nun verst\u00e4rkt dem Blog medienkultur.at widmen will. &hellip; \u00dcBER UNS weiterlesen &rarr;\" \/>\n<meta property=\"og:url\" content=\"https:\/\/www.medienkultur.at\/neu\/wer-wir-sind\/\" \/>\n<meta property=\"og:site_name\" content=\"Vereinigung f\u00fcr Medienkultur\" \/>\n<meta property=\"article:modified_time\" content=\"2015-02-26T14:26:54+00:00\" \/>\n<meta name=\"twitter:card\" content=\"summary_large_image\" \/>\n<meta name=\"twitter:label1\" content=\"Gesch\u00e4tzte Lesezeit\" \/>\n\t<meta name=\"twitter:data1\" content=\"3\u00a0Minuten\" \/>\n<script type=\"application\/ld+json\" class=\"yoast-schema-graph\">{\"@context\":\"https:\\\/\\\/schema.org\",\"@graph\":[{\"@type\":\"WebPage\",\"@id\":\"https:\\\/\\\/www.medienkultur.at\\\/neu\\\/wer-wir-sind\\\/\",\"url\":\"https:\\\/\\\/www.medienkultur.at\\\/neu\\\/wer-wir-sind\\\/\",\"name\":\"\u00dcBER UNS | Vereinigung f\u00fcr Medienkultur\",\"isPartOf\":{\"@id\":\"https:\\\/\\\/www.medienkultur.at\\\/neu\\\/#website\"},\"datePublished\":\"2013-09-21T13:59:04+00:00\",\"dateModified\":\"2015-02-26T14:26:54+00:00\",\"breadcrumb\":{\"@id\":\"https:\\\/\\\/www.medienkultur.at\\\/neu\\\/wer-wir-sind\\\/#breadcrumb\"},\"inLanguage\":\"de\",\"potentialAction\":[{\"@type\":\"ReadAction\",\"target\":[\"https:\\\/\\\/www.medienkultur.at\\\/neu\\\/wer-wir-sind\\\/\"]}]},{\"@type\":\"BreadcrumbList\",\"@id\":\"https:\\\/\\\/www.medienkultur.at\\\/neu\\\/wer-wir-sind\\\/#breadcrumb\",\"itemListElement\":[{\"@type\":\"ListItem\",\"position\":1,\"name\":\"Startseite\",\"item\":\"https:\\\/\\\/www.medienkultur.at\\\/neu\\\/\"},{\"@type\":\"ListItem\",\"position\":2,\"name\":\"\u00dcBER UNS\"}]},{\"@type\":\"WebSite\",\"@id\":\"https:\\\/\\\/www.medienkultur.at\\\/neu\\\/#website\",\"url\":\"https:\\\/\\\/www.medienkultur.at\\\/neu\\\/\",\"name\":\"Vereinigung f\u00fcr Medienkultur\",\"description\":\"\",\"potentialAction\":[{\"@type\":\"SearchAction\",\"target\":{\"@type\":\"EntryPoint\",\"urlTemplate\":\"https:\\\/\\\/www.medienkultur.at\\\/neu\\\/?s={search_term_string}\"},\"query-input\":{\"@type\":\"PropertyValueSpecification\",\"valueRequired\":true,\"valueName\":\"search_term_string\"}}],\"inLanguage\":\"de\"}]}<\/script>\n<!-- \/ Yoast SEO plugin. -->","yoast_head_json":{"title":"\u00dcBER UNS | Vereinigung f\u00fcr Medienkultur","robots":{"index":"index","follow":"follow","max-snippet":"max-snippet:-1","max-image-preview":"max-image-preview:large","max-video-preview":"max-video-preview:-1"},"canonical":"https:\/\/www.medienkultur.at\/neu\/wer-wir-sind\/","og_locale":"de_DE","og_type":"article","og_title":"\u00dcBER UNS | Vereinigung f\u00fcr Medienkultur","og_description":"\u00a0Wir stellen hier den neuen Pr\u00e4sidenten vor. Udo Bachmair neuer Pr\u00e4sident der Vereinigung f\u00fcr Medienkultur \u00a0Wien &#8211;\u00a0 Der langj\u00e4hrige ORF-Redakteur Udo Bachmair ist zum neuen Pr\u00e4sidenten der Vereinigung f\u00fcr Medienkultur gew\u00e4hlt worden. Er folgt dem Autor Hans H\u00f6gl nach, der die Vereinigung zehn Jahre geleitet hat und sich nun verst\u00e4rkt dem Blog medienkultur.at widmen will. &hellip; \u00dcBER UNS weiterlesen &rarr;","og_url":"https:\/\/www.medienkultur.at\/neu\/wer-wir-sind\/","og_site_name":"Vereinigung f\u00fcr Medienkultur","article_modified_time":"2015-02-26T14:26:54+00:00","twitter_card":"summary_large_image","twitter_misc":{"Gesch\u00e4tzte Lesezeit":"3\u00a0Minuten"},"schema":{"@context":"https:\/\/schema.org","@graph":[{"@type":"WebPage","@id":"https:\/\/www.medienkultur.at\/neu\/wer-wir-sind\/","url":"https:\/\/www.medienkultur.at\/neu\/wer-wir-sind\/","name":"\u00dcBER UNS | Vereinigung f\u00fcr Medienkultur","isPartOf":{"@id":"https:\/\/www.medienkultur.at\/neu\/#website"},"datePublished":"2013-09-21T13:59:04+00:00","dateModified":"2015-02-26T14:26:54+00:00","breadcrumb":{"@id":"https:\/\/www.medienkultur.at\/neu\/wer-wir-sind\/#breadcrumb"},"inLanguage":"de","potentialAction":[{"@type":"ReadAction","target":["https:\/\/www.medienkultur.at\/neu\/wer-wir-sind\/"]}]},{"@type":"BreadcrumbList","@id":"https:\/\/www.medienkultur.at\/neu\/wer-wir-sind\/#breadcrumb","itemListElement":[{"@type":"ListItem","position":1,"name":"Startseite","item":"https:\/\/www.medienkultur.at\/neu\/"},{"@type":"ListItem","position":2,"name":"\u00dcBER UNS"}]},{"@type":"WebSite","@id":"https:\/\/www.medienkultur.at\/neu\/#website","url":"https:\/\/www.medienkultur.at\/neu\/","name":"Vereinigung f\u00fcr Medienkultur","description":"","potentialAction":[{"@type":"SearchAction","target":{"@type":"EntryPoint","urlTemplate":"https:\/\/www.medienkultur.at\/neu\/?s={search_term_string}"},"query-input":{"@type":"PropertyValueSpecification","valueRequired":true,"valueName":"search_term_string"}}],"inLanguage":"de"}]}},"_links":{"self":[{"href":"https:\/\/www.medienkultur.at\/neu\/wp-json\/wp\/v2\/pages\/12","targetHints":{"allow":["GET"]}}],"collection":[{"href":"https:\/\/www.medienkultur.at\/neu\/wp-json\/wp\/v2\/pages"}],"about":[{"href":"https:\/\/www.medienkultur.at\/neu\/wp-json\/wp\/v2\/types\/page"}],"author":[{"embeddable":true,"href":"https:\/\/www.medienkultur.at\/neu\/wp-json\/wp\/v2\/users\/1"}],"replies":[{"embeddable":true,"href":"https:\/\/www.medienkultur.at\/neu\/wp-json\/wp\/v2\/comments?post=12"}],"version-history":[{"count":42,"href":"https:\/\/www.medienkultur.at\/neu\/wp-json\/wp\/v2\/pages\/12\/revisions"}],"predecessor-version":[{"id":1719,"href":"https:\/\/www.medienkultur.at\/neu\/wp-json\/wp\/v2\/pages\/12\/revisions\/1719"}],"wp:attachment":[{"href":"https:\/\/www.medienkultur.at\/neu\/wp-json\/wp\/v2\/media?parent=12"}],"curies":[{"name":"wp","href":"https:\/\/api.w.org\/{rel}","templated":true}]}}